{"id":540,"date":"2022-12-14T13:36:26","date_gmt":"2022-12-14T13:36:26","guid":{"rendered":"https:\/\/www.peter-aqua-fr.com\/?page_id=540"},"modified":"2023-11-20T16:29:39","modified_gmt":"2023-11-20T15:29:39","slug":"wasserbehandlung","status":"publish","type":"page","link":"https:\/\/www.peter-aqua-fr.com\/en\/wasserbehandlung\/","title":{"rendered":"Know-How \u2013 Wasserbearbeitung"},"content":{"rendered":"<section class=\"wpb-content-wrapper\"><div data-parent=\"true\" class=\"vc_row row-container\" id=\"row-unique-0\"><div class=\"row limit-width row-parent\"><div class=\"wpb_row row-inner\"><div class=\"wpb_column pos-top pos-center align_left column_parent col-lg-12 single-internal-gutter\"><div class=\"uncol style-light\"  ><div class=\"uncoltable\"><div class=\"uncell no-block-padding\" ><div class=\"uncont\"><\/div><\/div><\/div><\/div><\/div><script id=\"script-row-unique-0\" data-row=\"script-row-unique-0\" type=\"text\/javascript\" class=\"vc_controls\">UNCODE.initRow(document.getElementById(\"row-unique-0\"));<\/script><\/div><\/div><\/div><div data-parent=\"true\" class=\"vc_row row-container\" id=\"row-unique-1\"><div class=\"row-background background-element\">\n\t\t\t\t\t\t\t\t\t\t\t<div class=\"background-wrapper\">\n\t\t\t\t\t\t\t\t\t\t\t\t<div class=\"background-inner\" style=\"background-image: url(https:\/\/www.peter-aqua-fr.com\/wp-content\/uploads\/2022\/08\/PeterAqua-Wasser.png);background-repeat: no-repeat;background-position: center center;background-attachment: inherit;background-size: 100%;\"><\/div>\n\t\t\t\t\t\t\t\t\t\t\t\t\n\t\t\t\t\t\t\t\t\t\t\t<\/div>\n\t\t\t\t\t\t\t\t\t\t<\/div><div class=\"row full-width row-parent\" data-height-ratio=\"80\"><div class=\"wpb_row row-inner\"><div class=\"wpb_column pos-middle pos-center align_left column_parent col-lg-12 single-internal-gutter\"><div class=\"uncol style-light\"  ><div class=\"uncoltable\"><div class=\"uncell  vc_custom_1662035113273 no-block-padding\" style=\"padding-bottom: 0% ;\" ><div class=\"uncont\"><div class=\"vc_custom_heading_wrap \"><div class=\"heading-text el-text\" ><h1 class=\"fontsize-103668 font-weight-500\" ><span>Wasserbehandlung<\/span><\/h1><\/div><div class=\"clear\"><\/div><\/div><div class=\"vc_row vc_custom_1662034956207 row-internal row-container\" style=\"padding-left: 5% ;\"><div class=\"row row-child\"><div class=\"wpb_row row-inner\"><div class=\"wpb_column pos-top pos-center align_left column_child col-lg-12 single-internal-gutter\"><div class=\"uncol style-light\" ><div class=\"uncoltable\"><div class=\"uncell no-block-padding\" ><div class=\"uncont\"><div class=\"vc_custom_heading_wrap \"><div class=\"heading-text el-text\" ><h2 class=\"h2\" ><span>Verschiedene M\u00f6glichkeiten der Behandlung von Wasser kurz vorgestellt<\/span><\/h2><\/div><div class=\"clear\"><\/div><\/div><div class=\"empty-space empty-double\" ><span class=\"empty-space-inner\"><\/span><\/div>\n<\/div><\/div><\/div><\/div><\/div><\/div><\/div><\/div><\/div><\/div><\/div><\/div><\/div><script id=\"script-row-unique-1\" data-row=\"script-row-unique-1\" type=\"text\/javascript\" class=\"vc_controls\">UNCODE.initRow(document.getElementById(\"row-unique-1\"));<\/script><\/div><\/div><\/div><div data-parent=\"true\" class=\"vc_row vc_custom_1666280820050 row-container\" style=\"padding-top: 0px ;padding-bottom: 4% ;\" id=\"row-unique-2\"><div class=\"row single-top-padding single-bottom-padding single-h-padding limit-width row-parent\"><div class=\"wpb_row row-inner\"><div class=\"wpb_column pos-top pos-center align_left column_parent col-lg-6 single-internal-gutter\"><div class=\"uncol style-light\"  ><div class=\"uncoltable\"><div class=\"uncell no-block-padding\" ><div class=\"uncont\"><div class=\"vc_custom_heading_wrap \"><div class=\"heading-text el-text\" ><h2 class=\"h2\" ><span>PeterAqua FR Wasserbehandlung<\/span><\/h2><\/div><div class=\"clear\"><\/div><\/div><div class=\"uncode_text_column\" ><p>Beim Durchstr\u00f6men unseres FRs nimmt das Wasser Informationen auf, die das Kalk-Kohlens\u00e4ure Gleichgewicht festigen. Dadurch wird der \u201eKalk\u201c beim Wasserdurchfluss nicht nur ausgeschwemmt, sondern nimmt auch vorhandenen Kalk mit.<\/p>\n<p>&nbsp;<\/p>\n<\/div><\/div><\/div><\/div><\/div><\/div><div class=\"wpb_column pos-top pos-center align_left column_parent col-lg-6 single-internal-gutter\"><div class=\"uncol style-light\"  ><div class=\"uncoltable\"><div class=\"uncell no-block-padding\" ><div class=\"uncont\"><div class=\"uncode-single-media  text-center\"><div class=\"single-wrapper\" style=\"max-width: 200px;\"><div class=\"tmb tmb-light  tmb-media-first tmb-media-last tmb-content-overlay tmb-no-bg\"><div class=\"t-inside\"><div class=\"t-entry-visual\"><div class=\"t-entry-visual-tc\"><div class=\"uncode-single-media-wrapper\"><img decoding=\"async\" class=\"wp-image-78\" src=\"https:\/\/www.peter-aqua-fr.com\/wp-content\/uploads\/2022\/09\/FR-0-Image.png\" width=\"2043\" height=\"2316\" alt=\"\" srcset=\"https:\/\/www.peter-aqua-fr.com\/wp-content\/uploads\/2022\/09\/FR-0-Image.png 2043w, https:\/\/www.peter-aqua-fr.com\/wp-content\/uploads\/2022\/09\/FR-0-Image-265x300.png 265w, https:\/\/www.peter-aqua-fr.com\/wp-content\/uploads\/2022\/09\/FR-0-Image-903x1024.png 903w, https:\/\/www.peter-aqua-fr.com\/wp-content\/uploads\/2022\/09\/FR-0-Image-768x871.png 768w, https:\/\/www.peter-aqua-fr.com\/wp-content\/uploads\/2022\/09\/FR-0-Image-1355x1536.png 1355w, https:\/\/www.peter-aqua-fr.com\/wp-content\/uploads\/2022\/09\/FR-0-Image-1807x2048.png 1807w\" sizes=\"(max-width: 2043px) 100vw, 2043px\" \/><\/div>\n\t\t\t\t\t<\/div>\n\t\t\t\t<\/div><\/div><\/div><\/div><\/div><\/div><\/div><\/div><\/div><\/div><script id=\"script-row-unique-2\" data-row=\"script-row-unique-2\" type=\"text\/javascript\" class=\"vc_controls\">UNCODE.initRow(document.getElementById(\"row-unique-2\"));<\/script><\/div><\/div><\/div><div data-parent=\"true\" class=\"vc_row vc_custom_1666280820050 row-container\" style=\"padding-top: 0px ;padding-bottom: 4% ;\" id=\"row-unique-3\"><div class=\"row single-top-padding single-bottom-padding single-h-padding limit-width row-parent\"><div class=\"wpb_row row-inner\"><div class=\"wpb_column pos-top pos-center align_left column_parent col-lg-6 single-internal-gutter\"><div class=\"uncol style-light\"  ><div class=\"uncoltable\"><div class=\"uncell no-block-padding\" ><div class=\"uncont\"><div class=\"vc_custom_heading_wrap \"><div class=\"heading-text el-text\" ><h2 class=\"h2 text-color-210407-color\" ><span>Die chemische Wasseraufbereitung<\/span><\/h2><\/div><div class=\"clear\"><\/div><\/div><div class=\"vc_custom_heading_wrap \"><div class=\"heading-text el-text\" ><\/p>\n<h5>Wasserenth\u00e4rtung durch Ionenaustausch<\/h5>\n<p>\n<\/div><div class=\"clear\"><\/div><\/div><div class=\"uncode_text_column\" ><p>lore ipsum &#8211; Mehr lesen&#8230; (Ggf. weitere Sub-Seite zwecks SEO)<\/p>\n<\/div><div class=\"vc_custom_heading_wrap \"><div class=\"heading-text el-text\" ><h2 class=\"h2\" ><span>Die physikalische Wasserenth\u00e4rtung<\/span><\/h2><\/div><div class=\"clear\"><\/div><\/div><div class=\"vc_custom_heading_wrap \"><div class=\"heading-text el-text\" ><\/p>\n<h5>Einsatz elektrischer Felder \u2013 z. B. zur Elektrolyse \u2013 kombiniert mit\u00a0Kartuschen bzw. Austausch-Granulat-Beh\u00e4lter.<\/h5>\n<p>\n<\/div><div class=\"clear\"><\/div><\/div><div class=\"uncode_text_column\" ><\/p>\n<ul>\n<li>Unter diese Bezeichnung fallen Verfahren, die mittels elektrischer oder magnetischer Felder die Struktur der Kalkkristalle so ver\u00e4ndern sollen, dass eine Ablagerung an Rohren vermindert werde. Hierbei werden z.\u00a0B. Magneten oder stromf\u00fchrende Dr\u00e4hte au\u00dfen an Wasserrohre angebracht oder mit Wechselspannung angesteuerte Platten im Inneren des durchstr\u00f6mten Ger\u00e4tes unmittelbar in den Weg des Wassers verbracht. Manche Ger\u00e4te sind noch mit einem \u201eVorfilter\u201c ausgestattet, der in Wirklichkeit ein kleiner <a href=\"https:\/\/de.wikipedia.org\/wiki\/Ionenaustauscher\">Ionenaustauscher<\/a> ist.<\/li>\n<li>Die <a href=\"https:\/\/de.wikipedia.org\/wiki\/Stiftung_Warentest\">Stiftung Warentest<\/a> ver\u00f6ffentlichte im Januar 2000 eine Untersuchung derartiger Wasserbehandlungsger\u00e4te. Es konnte meist keinerlei Wirkung festgestellt werden; allein die drei Ger\u00e4te mit regelm\u00e4\u00dfig zu wechselnder Filterpatrone zeigten eine deutliche Verminderung von Kalkablagerungen in Elektroboilern.[1] Das Ergebnis eines fr\u00fcheren Tests der Stiftung Warentest[2] wurde damit best\u00e4tigt.<\/li>\n<li>Eine plausible Hypothese f\u00fcr eine Wirksamkeit solcher Verfahren existiert nicht, und ver\u00f6ffentlichte \u201ewissenschaftliche\u201c Experimente zur Wirksamkeit sind nicht reproduzierbar.[3] Dazu geh\u00f6rt eine vom schweizerischen <a href=\"https:\/\/de.wikipedia.org\/wiki\/Bundesamt_f%C3%BCr_Umwelt,_Wald_und_Landschaft\">Bundesamt f\u00fcr Umwelt, Wald und Landschaft<\/a> in Auftrag gegebenen Studie im Rahmen einer Dissertation.[4][5]<\/li>\n<\/ul>\n<p>Mehr lesen&#8230; (Ggf. weitere Sub-Seite zwecks SEO)<\/p>\n<\/div><div class=\"vc_custom_heading_wrap \"><div class=\"heading-text el-text\" ><h2 class=\"h2\" ><span>Weitere Verfahren<\/span><\/h2><\/div><div class=\"clear\"><\/div><\/div><div class=\"uncode_text_column\" ><\/p>\n<ul>\n<li>Entfernung der <i><a href=\"https:\/\/de.wikipedia.org\/wiki\/Wasserh%C3%A4rte\">tempor\u00e4ren H\u00e4rte (Carbonath\u00e4rte)<\/a><\/i> durch Aufkochen des Wassers. Es bildet sich dabei <a href=\"https:\/\/de.wikipedia.org\/wiki\/Kesselstein\">Kesselstein<\/a>. Im Wasser bleibt die <i><a href=\"https:\/\/de.wikipedia.org\/wiki\/Wasserh%C3%A4rte\">permanente Wasserh\u00e4rte<\/a><\/i> zur\u00fcck. Dieser Vorgang wird unter <a href=\"https:\/\/de.wikipedia.org\/wiki\/Wasserh%C3%A4rte\">Wasserh\u00e4rte<\/a> n\u00e4her beschrieben.[6]<\/li>\n<li><a href=\"https:\/\/de.wikipedia.org\/wiki\/F%C3%A4llungsreaktion\">F\u00e4llung<\/a> durch Zusatz einer Suspension von <a href=\"https:\/\/de.wikipedia.org\/wiki\/Calciumhydroxid\">Calciumhydroxid<\/a> (Kalkmilch); das gebildete <a href=\"https:\/\/de.wikipedia.org\/wiki\/Calciumcarbonat\">Calciumcarbonat<\/a> wird bei der <a href=\"https:\/\/de.wikipedia.org\/wiki\/Entcarbonisierung\">Langzeit-Entcarbonisierung<\/a> als Schlamm und bei der <a href=\"https:\/\/de.wikipedia.org\/wiki\/Entcarbonisierung\">Schnell-Entcarbonisierung<\/a> als so genanntes <a href=\"https:\/\/de.wikipedia.org\/wiki\/Entcarbonisierung\">Hartkorn<\/a> ausgef\u00e4llt. Das Verfahren f\u00fchrt nur zur Entfernung der Carbonath\u00e4rte.<\/li>\n<li>Eines der \u00e4ltesten Verfahren f\u00fcr eine weitgehende Enth\u00e4rtung ist das <a href=\"https:\/\/de.wikipedia.org\/wiki\/Calciumhydroxid\">Kalk<\/a>&#8211;<a href=\"https:\/\/de.wikipedia.org\/wiki\/Natriumcarbonat\">Soda<\/a>-Verfahren. Mit diesem, bereits im 19. Jahrhundert entwickelten Verfahren kann die Gesamth\u00e4rte auf weniger als 2,0 \u00b0dH (ca. 1.1 \u00b0fH) vermindert werden. Calcium und Magnesium werden bevorzugt als <a href=\"https:\/\/de.wikipedia.org\/wiki\/Dolomit_(Mineral)\">Dolomit<\/a> gef\u00e4llt. F\u00fcr die Beschleunigung der F\u00e4llungsreaktion wird das Wasser erhitzt. Durch den Zusatz von Soda wird jedoch der Natriumgehalt des Wassers erh\u00f6ht. Dieses Verfahren war f\u00fcr die Herstellung h\u00e4rtearmer W\u00e4sser f\u00fcr den Betrieb von Dampfmaschinen und Dampf-Lokomotiven wichtig. Durch die Entwicklung und Einf\u00fchrung von Ionenaustauschern zur Enth\u00e4rtung verlor das Verfahren an Bedeutung und wird heute nicht mehr angewendet.<\/li>\n<li><a href=\"https:\/\/de.wikipedia.org\/wiki\/Innere_Speisewasseraufbereitung\">Innere Speisewasseraufbereitung<\/a> z.\u00a0B. bei <a href=\"https:\/\/de.wikipedia.org\/wiki\/Dampflokomotive\">Dampflokomotiven<\/a>.<\/li>\n<\/ul>\n<p>Mehr lesen&#8230; (Ggf. weitere Sub-Seite zwecks SEO)<\/p>\n<\/div><div class=\"vc_custom_heading_wrap \"><div class=\"heading-text el-text\" ><h2 class=\"h2 text-color-210407-color\" ><span>Die magnetische Wasseraufbereitung<\/span><\/h2><\/div><div class=\"clear\"><\/div><\/div><div class=\"vc_custom_heading_wrap \"><div class=\"heading-text el-text\" ><\/p>\n<h5>Einsatz von je 1 der 3 Magnet-Felder: Dauer-, Elektro-, Induktivmagnet<\/h5>\n<p>\n<\/div><div class=\"clear\"><\/div><\/div><div class=\"uncode_text_column\" ><p>lore ipsum &#8211; Mehr lesen&#8230; (Ggf. weitere Sub-Seite zwecks SEO)<\/p>\n<\/div><div class=\"vc_custom_heading_wrap \"><div class=\"heading-text el-text\" ><h2 class=\"h2 text-color-210407-color\" ><span>Die biokatalytische Wasseraufbereitung<\/span><\/h2><\/div><div class=\"clear\"><\/div><\/div><div class=\"vc_custom_heading_wrap \"><div class=\"heading-text el-text\" ><\/p>\n<h5>Granulat mit dem Ferment beschichtet, das den Kalk kristallisiert.<\/h5>\n<p>\n<\/div><div class=\"clear\"><\/div><\/div><div class=\"uncode_text_column\" ><p>lore ipsum &#8211; Mehr lesen&#8230; (Ggf. weitere Sub-Seite zwecks SEO)<\/p>\n<\/div><\/div><\/div><\/div><\/div><\/div><script id=\"script-row-unique-3\" data-row=\"script-row-unique-3\" type=\"text\/javascript\" class=\"vc_controls\">UNCODE.initRow(document.getElementById(\"row-unique-3\"));<\/script><\/div><\/div><\/div><div data-parent=\"true\" class=\"vc_row vc_custom_1666280820050 row-container\" style=\"padding-top: 0px ;padding-bottom: 4% ;\" id=\"row-unique-4\"><div class=\"row single-top-padding single-bottom-padding single-h-padding limit-width row-parent\"><div class=\"wpb_row row-inner\"><div class=\"wpb_column pos-top pos-center align_left column_parent col-lg-6 single-internal-gutter\"><div class=\"uncol style-light\"  ><div class=\"uncoltable\"><div class=\"uncell no-block-padding\" ><div class=\"uncont\"><div class=\"vc_custom_heading_wrap \"><div class=\"heading-text el-text\" ><h2 class=\"h2\" ><span>Traditionelle physikalische und chemische Wasseraufbereitung<\/span><\/h2><\/div><div class=\"clear\"><\/div><\/div><div class=\"vc_custom_heading_wrap \"><div class=\"heading-text el-text\" ><\/p>\n<h5>Umweltverschmutzung<\/h5>\n<p>\n<\/div><div class=\"clear\"><\/div><\/div><div class=\"uncode_text_column\" ><\/p>\n<ul>\n<li>Die Ger\u00e4te ben\u00f6tigen Strom und erzeugen somit Energieverbrauch<br \/>\nEinsatz von Chemikalien<\/li>\n<li>Eingeschr\u00e4nkte Vermeidung von Korrosion<\/li>\n<li>Hohe Betriebs- und Wartungskosten<\/li>\n<li>Entladung (Natriumionen\/Kaliumionen) entspricht nicht der Norm<\/li>\n<li>Durch die Nutzung wird die Au\u00dfenwelt beeinflusst<\/li>\n<li>Personalbetrieb und Wartung erfordern hohe und umfassende Betriebskosten<\/li>\n<\/ul>\n<p>\n<\/div><div class=\"vc_custom_heading_wrap \"><div class=\"heading-text el-text\" ><\/p>\n<h5>FR Wasserbehandlung<\/h5>\n<p>\n<\/div><div class=\"clear\"><\/div><\/div><div class=\"uncode_text_column\" ><\/p>\n<ul>\n<li>Energieeinsparung bis zu 30 %<\/li>\n<li>Verl\u00e4ngerung der Lebensdauer der Ausr\u00fcstung um mindestens 50 %<\/li>\n<li>Sparen Sie Wasser, Strom und Gas (f\u00fcr W\u00e4rmeerzeugung)<\/li>\n<li>Keine Betriebs- und Wartungskosten<\/li>\n<li>Keine Emissionskosten<\/li>\n<li>Hoher Umweltschutzstandard<\/li>\n<li>So reduzieren Sie das Sicherheitsrisiko der Unternehmensproduktion<\/li>\n<\/ul>\n<p>\n<\/div><\/div><\/div><\/div><\/div><\/div><script id=\"script-row-unique-4\" data-row=\"script-row-unique-4\" type=\"text\/javascript\" class=\"vc_controls\">UNCODE.initRow(document.getElementById(\"row-unique-4\"));<\/script><\/div><\/div><\/div>\n<\/section>","protected":false},"excerpt":{"rendered":"WasserbehandlungVerschiedene M\u00f6glichkeiten der Behandlung von Wasser kurz vorgestellt PeterAqua FR WasserbehandlungBeim Durchstr\u00f6men unseres FRs nimmt das Wasser Informationen auf, die [...]","protected":false},"author":5,"featured_media":0,"parent":0,"menu_order":0,"comment_status":"closed","ping_status":"closed","template":"","meta":{"footnotes":""},"class_list":["post-540","page","type-page","status-publish","hentry"],"_links":{"self":[{"href":"https:\/\/www.peter-aqua-fr.com\/en\/wp-json\/wp\/v2\/pages\/540","targetHints":{"allow":["GET"]}}],"collection":[{"href":"https:\/\/www.peter-aqua-fr.com\/en\/wp-json\/wp\/v2\/pages"}],"about":[{"href":"https:\/\/www.peter-aqua-fr.com\/en\/wp-json\/wp\/v2\/types\/page"}],"author":[{"embeddable":true,"href":"https:\/\/www.peter-aqua-fr.com\/en\/wp-json\/wp\/v2\/users\/5"}],"replies":[{"embeddable":true,"href":"https:\/\/www.peter-aqua-fr.com\/en\/wp-json\/wp\/v2\/comments?post=540"}],"version-history":[{"count":20,"href":"https:\/\/www.peter-aqua-fr.com\/en\/wp-json\/wp\/v2\/pages\/540\/revisions"}],"predecessor-version":[{"id":825,"href":"https:\/\/www.peter-aqua-fr.com\/en\/wp-json\/wp\/v2\/pages\/540\/revisions\/825"}],"wp:attachment":[{"href":"https:\/\/www.peter-aqua-fr.com\/en\/wp-json\/wp\/v2\/media?parent=540"}],"curies":[{"name":"wp","href":"https:\/\/api.w.org\/{rel}","templated":true}]}}