{"id":54,"date":"2022-08-31T13:42:13","date_gmt":"2022-08-31T13:42:13","guid":{"rendered":"https:\/\/www.peter-aqua-fr.com\/?page_id=54"},"modified":"2023-08-09T11:43:08","modified_gmt":"2023-08-09T11:43:08","slug":"anfrage-mehrfamilienhaeuser","status":"publish","type":"page","link":"https:\/\/www.peter-aqua-fr.com\/en\/anfrage-mehrfamilienhaeuser\/","title":{"rendered":"Anfrage-Formular Mehrfamilienh\u00e4user"},"content":{"rendered":"<section class=\"wpb-content-wrapper\"><div data-parent=\"true\" class=\"vc_row row-container\" id=\"row-unique-0\"><div class=\"row limit-width row-parent\"><div class=\"wpb_row row-inner\"><div class=\"wpb_column pos-top pos-center align_left column_parent col-lg-12 single-internal-gutter\"><div class=\"uncol style-light\"  ><div class=\"uncoltable\"><div class=\"uncell single-block-padding style-color-xsdn-bg unshadow-xs\" ><div class=\"uncont\"><div class=\"vc_custom_heading_wrap\"><div class=\"heading-text el-text\" ><h2 class=\"h2\" ><span>Anfrage f\u00fcr Kalkmanagement in Mehrfamilienh\u00e4usern<\/span><\/h2><\/div><div class=\"clear\"><\/div><\/div><div class=\"vc_row vc_custom_1662044616979 row-internal row-container\" style=\"padding-top: 3% ;padding-right: 3% ;padding-bottom: 3% ;padding-left: 3% ;\"><div class=\"row row-child\"><div class=\"wpb_row row-inner\"><div class=\"wpb_column pos-top pos-center align_left column_child col-lg-12 single-internal-gutter\"><div class=\"uncol style-light\" ><div class=\"uncoltable\"><div class=\"uncell no-block-padding\" ><div class=\"uncont\">\n\t<div class=\"wpb_raw_code wpb_content_element wpb_raw_html\" >\n\t\t<div class=\"wpb_wrapper\">\n\t\t\t<div class=\"forminator-ui forminator-custom-form forminator-custom-form-128 forminator-design--default  forminator_ajax\" data-forminator-render=\"0\" data-form=\"forminator-module-128\" data-uid=\"69e1736e0cc43\"><br\/><\/div><form\n\t\t\t\tid=\"forminator-module-128\"\n\t\t\t\tclass=\"forminator-ui forminator-custom-form forminator-custom-form-128 forminator-design--default  forminator_ajax\"\n\t\t\t\tmethod=\"post\"\n\t\t\t\tdata-forminator-render=\"0\"\n\t\t\t\tdata-form-id=\"128\"\n\t\t\t\t data-color-option=\"default\" data-design=\"default\" data-grid=\"open\" style=\"display: none;\"\n\t\t\t\tdata-uid=\"69e1736e0cc43\" action=\"\"\n\t\t\t><div role=\"alert\" aria-live=\"polite\" class=\"forminator-response-message forminator-error\" aria-hidden=\"true\"><\/div><div class=\"forminator-row\"><div id=\"number-1\" class=\"forminator-field-number forminator-col forminator-col-12\"><div class=\"forminator-field\"><label for=\"forminator-field-number-1_69e1736e0cc43\" id=\"forminator-field-number-1_69e1736e0cc43-label\" class=\"forminator-label\">Anzahl Mehrfamilienh\u00e4user<\/label><input name=\"number-1\" value=\"\" placeholder=\"z. B. 2\" id=\"forminator-field-number-1_69e1736e0cc43\" class=\"forminator-input forminator-number--field\" inputmode=\"decimal\" data-required=\"\" data-decimals=\"0\" aria-required=\"false\" data-inputmask=\"&#039;groupSeparator&#039;: &#039;&#039;, &#039;radixPoint&#039;: &#039;&#039;, &#039;digits&#039;: &#039;0&#039;\" type=\"number\" step=\"any\" min=\"1\" max=\"150\" \/><\/div><\/div><\/div><div class=\"forminator-row\"><div id=\"number-2\" class=\"forminator-field-number forminator-col forminator-col-12\"><div class=\"forminator-field\"><label for=\"forminator-field-number-2_69e1736e0cc43\" id=\"forminator-field-number-2_69e1736e0cc43-label\" class=\"forminator-label\">Anzahl Wohnungen<\/label><input name=\"number-2\" value=\"\" placeholder=\"z. B. 8\" id=\"forminator-field-number-2_69e1736e0cc43\" class=\"forminator-input forminator-number--field\" inputmode=\"decimal\" data-required=\"\" data-decimals=\"0\" aria-required=\"false\" data-inputmask=\"&#039;groupSeparator&#039;: &#039;&#039;, &#039;radixPoint&#039;: &#039;&#039;, &#039;digits&#039;: &#039;0&#039;\" type=\"number\" step=\"any\" min=\"1\" max=\"150\" \/><\/div><\/div><\/div><div class=\"forminator-row\"><div id=\"radio-1\" class=\"forminator-field-radio forminator-col forminator-col-12\"><div role=\"radiogroup\" class=\"forminator-field\" aria-labelledby=\"forminator-radiogroup-radio-1-69e1736e0cc43-label\"><span id=\"forminator-radiogroup-radio-1-69e1736e0cc43-label\" class=\"forminator-label\">Fachplanung gew\u00fcnscht?<\/span><label id=\"forminator-field-radio-1-label-1\" for=\"forminator-field-radio-1-1-69e1736e0cc43\" class=\"forminator-radio\" title=\"Yes\"><input type=\"radio\" name=\"radio-1\" value=\"Ja\" id=\"forminator-field-radio-1-1-69e1736e0cc43\" aria-labelledby=\"forminator-field-radio-1-label-1\" data-calculation=\"0\"  \/><span class=\"forminator-radio-bullet\" aria-hidden=\"true\"><\/span><span class=\"forminator-radio-label\">Yes<\/span><\/label><label id=\"forminator-field-radio-1-label-2\" for=\"forminator-field-radio-1-2-69e1736e0cc43\" class=\"forminator-radio\" title=\"No\"><input type=\"radio\" name=\"radio-1\" value=\"Nein\" id=\"forminator-field-radio-1-2-69e1736e0cc43\" aria-labelledby=\"forminator-field-radio-1-label-2\" data-calculation=\"0\"  \/><span class=\"forminator-radio-bullet\" aria-hidden=\"true\"><\/span><span class=\"forminator-radio-label\">No<\/span><\/label><\/div><\/div><\/div><div class=\"forminator-row\"><div id=\"select-2\" class=\"forminator-field-select forminator-col forminator-col-12\"><div class=\"forminator-field\"><label for=\"forminator-form-128__field--select-2_69e1736e0cc43\" id=\"forminator-form-128__field--select-2_69e1736e0cc43-label\" class=\"forminator-label\">Auswahl <span class=\"forminator-required\">*<\/span><\/label><select  id=\"forminator-form-128__field--select-2_69e1736e0cc43\" class=\"forminator-select--field forminator-select2 forminator-select2-multiple\" data-required=\"1\" name=\"select-2\" data-default-value=\"\" data-placeholder=\"Material der Wasserleitung\" data-search=\"false\" data-search-placeholder=\"Material der Wasserleitung\" data-checkbox=\"false\" data-allow-clear=\"false\" aria-labelledby=\"forminator-form-128__field--select-2_69e1736e0cc43-label\"><option value=\"\"  >Material der Wasserleitung<\/option><option value=\"Kunststoff\"  data-calculation=\"0\">Kunststoff<\/option><option value=\"Stahl\"  data-calculation=\"0\">Stahl<\/option><option value=\"Kupfer\"  data-calculation=\"0\">Kupfer<\/option><option value=\"Blei\"  data-calculation=\"0\">Blei<\/option><option value=\"Sonstige\"  data-calculation=\"0\">Sonstige<\/option><\/select><\/div><\/div><\/div><div class=\"forminator-row\"><div id=\"number-3\" class=\"forminator-field-number forminator-col forminator-col-12\"><div class=\"forminator-field\"><label for=\"forminator-field-number-3_69e1736e0cc43\" id=\"forminator-field-number-3_69e1736e0cc43-label\" class=\"forminator-label\">H\u00e4rtegrad des Wassers<\/label><input name=\"number-3\" value=\"\" placeholder=\"z. B. 7,5\" id=\"forminator-field-number-3_69e1736e0cc43\" class=\"forminator-input forminator-number--field\" inputmode=\"decimal\" data-required=\"\" data-decimals=\"2\" aria-required=\"false\" data-inputmask=\"&#039;groupSeparator&#039;: &#039;&#039;, &#039;radixPoint&#039;: &#039;.&#039;, &#039;digits&#039;: &#039;2&#039;\" type=\"number\" step=\"any\" min=\"0\" max=\"14\" \/><\/div><\/div><\/div><div class=\"forminator-row\"><div id=\"section-1\" class=\"forminator-field-section forminator-col forminator-col-12\"><div class=\"forminator-field\"><hr class=\"forminator-border\" style=\"border: 1px solid #aaaaaa;\" \/><\/div><\/div><\/div><div class=\"forminator-row\"><div id=\"text-7\" class=\"forminator-field-text forminator-col forminator-col-12\"><div class=\"forminator-field\"><label for=\"forminator-field-text-7_69e1736e0cc43\" id=\"forminator-field-text-7_69e1736e0cc43-label\" class=\"forminator-label\">Firma <span class=\"forminator-required\">*<\/span><\/label><input type=\"text\" name=\"text-7\" value=\"\" placeholder=\"z. B. Musterfirma GmbH\" id=\"forminator-field-text-7_69e1736e0cc43\" class=\"forminator-input forminator-name--field\" data-required=\"1\" \/><\/div><\/div><\/div><div class=\"forminator-row\"><div id=\"select-1\" class=\"forminator-field-select forminator-col forminator-col-6\"><div class=\"forminator-field\"><label for=\"forminator-form-128__field--select-1_69e1736e0cc43\" id=\"forminator-form-128__field--select-1_69e1736e0cc43-label\" class=\"forminator-label\">Anrede<\/label><select  id=\"forminator-form-128__field--select-1_69e1736e0cc43\" class=\"forminator-select--field forminator-select2 forminator-select2-multiple\" data-required=\"\" name=\"select-1\" data-default-value=\"\" data-placeholder=\"z. B. Frau\" data-search=\"false\" data-search-placeholder=\"z. B. Frau\" data-checkbox=\"false\" data-allow-clear=\"false\" aria-labelledby=\"forminator-form-128__field--select-1_69e1736e0cc43-label\"><option value=\"\"  >z. B. Frau<\/option><option value=\"Herr\"  data-calculation=\"0\">Herr<\/option><option value=\"Frau\"  data-calculation=\"0\">Frau<\/option><option value=\"Divers\"  data-calculation=\"0\">Divers<\/option><\/select><\/div><\/div><div id=\"select-4\" class=\"forminator-field-select forminator-col forminator-col-6\"><div class=\"forminator-field\"><label for=\"forminator-form-128__field--select-4_69e1736e0cc43\" id=\"forminator-form-128__field--select-4_69e1736e0cc43-label\" class=\"forminator-label\">Titel<\/label><select  id=\"forminator-form-128__field--select-4_69e1736e0cc43\" class=\"forminator-select--field forminator-select2 forminator-select2-multiple\" data-required=\"\" name=\"select-4\" data-default-value=\"\" data-placeholder=\"z. B. Frau\" data-search=\"false\" data-search-placeholder=\"z. B. Frau\" data-checkbox=\"false\" data-allow-clear=\"false\" aria-labelledby=\"forminator-form-128__field--select-4_69e1736e0cc43-label\"><option value=\"\"  >z. B. Frau<\/option><option value=\"Herr\"  data-calculation=\"0\">Dr.<\/option><option value=\"Frau\"  data-calculation=\"0\">Prof.<\/option><\/select><\/div><\/div><\/div><div class=\"forminator-row\"><div id=\"text-1\" class=\"forminator-field-text forminator-col forminator-col-6\"><div class=\"forminator-field\"><label for=\"forminator-field-text-1_69e1736e0cc43\" id=\"forminator-field-text-1_69e1736e0cc43-label\" class=\"forminator-label\">First name <span class=\"forminator-required\">*<\/span><\/label><input type=\"text\" name=\"text-1\" value=\"\" placeholder=\"z. B. Max\" id=\"forminator-field-text-1_69e1736e0cc43\" class=\"forminator-input forminator-name--field\" data-required=\"1\" \/><\/div><\/div><div id=\"text-2\" class=\"forminator-field-text forminator-col forminator-col-6\"><div class=\"forminator-field\"><label for=\"forminator-field-text-2_69e1736e0cc43\" id=\"forminator-field-text-2_69e1736e0cc43-label\" class=\"forminator-label\">Surname <span class=\"forminator-required\">*<\/span><\/label><input type=\"text\" name=\"text-2\" value=\"\" placeholder=\"z. B. Mustermann\" id=\"forminator-field-text-2_69e1736e0cc43\" class=\"forminator-input forminator-name--field\" data-required=\"1\" \/><\/div><\/div><\/div><div class=\"forminator-row\"><div id=\"text-3\" class=\"forminator-field-text forminator-col forminator-col-6\"><div class=\"forminator-field\"><label for=\"forminator-field-text-3_69e1736e0cc43\" id=\"forminator-field-text-3_69e1736e0cc43-label\" class=\"forminator-label\">Stra\u00dfe <span class=\"forminator-required\">*<\/span><\/label><input type=\"text\" name=\"text-3\" value=\"\" placeholder=\"z. B. Am Steigerweg\" id=\"forminator-field-text-3_69e1736e0cc43\" class=\"forminator-input forminator-name--field\" data-required=\"1\" \/><\/div><\/div><div id=\"text-4\" class=\"forminator-field-text forminator-col forminator-col-6\"><div class=\"forminator-field\"><label for=\"forminator-field-text-4_69e1736e0cc43\" id=\"forminator-field-text-4_69e1736e0cc43-label\" class=\"forminator-label\">Hausnummer <span class=\"forminator-required\">*<\/span><\/label><input type=\"text\" name=\"text-4\" value=\"\" placeholder=\"z. B. 21a\" id=\"forminator-field-text-4_69e1736e0cc43\" class=\"forminator-input forminator-name--field\" data-required=\"1\" \/><\/div><\/div><\/div><div class=\"forminator-row\"><div id=\"text-5\" class=\"forminator-field-text forminator-col forminator-col-6\"><div class=\"forminator-field\"><label for=\"forminator-field-text-5_69e1736e0cc43\" id=\"forminator-field-text-5_69e1736e0cc43-label\" class=\"forminator-label\">PLZ <span class=\"forminator-required\">*<\/span><\/label><input type=\"text\" name=\"text-5\" value=\"\" placeholder=\"z. B. 87777\" id=\"forminator-field-text-5_69e1736e0cc43\" class=\"forminator-input forminator-name--field\" data-required=\"1\" \/><\/div><\/div><div id=\"text-6\" class=\"forminator-field-text forminator-col forminator-col-6\"><div class=\"forminator-field\"><label for=\"forminator-field-text-6_69e1736e0cc43\" id=\"forminator-field-text-6_69e1736e0cc43-label\" class=\"forminator-label\">Ort <span class=\"forminator-required\">*<\/span><\/label><input type=\"text\" name=\"text-6\" value=\"\" placeholder=\"z. B. Berlin\" id=\"forminator-field-text-6_69e1736e0cc43\" class=\"forminator-input forminator-name--field\" data-required=\"1\" \/><\/div><\/div><\/div><div class=\"forminator-row\"><div id=\"email-1\" class=\"forminator-field-email forminator-col forminator-col-6\"><div class=\"forminator-field\"><label for=\"forminator-field-email-1_69e1736e0cc43\" id=\"forminator-field-email-1_69e1736e0cc43-label\" class=\"forminator-label\">Email Addresse <span class=\"forminator-required\">*<\/span><\/label><input type=\"email\" name=\"email-1\" value=\"\" placeholder=\"z. B. john@doe.com\" id=\"forminator-field-email-1_69e1736e0cc43\" class=\"forminator-input forminator-email--field\" data-required=\"true\" aria-required=\"true\" autocomplete=\"email\" \/><\/div><\/div><div id=\"phone-1\" class=\"forminator-field-phone forminator-col forminator-col-6\"><div class=\"forminator-field\"><label for=\"forminator-field-phone-1_69e1736e0cc43\" id=\"forminator-field-phone-1_69e1736e0cc43-label\" class=\"forminator-label\">Phone number <span class=\"forminator-required\">*<\/span><\/label><input type=\"text\" name=\"phone-1\" value=\"\" placeholder=\"z. B. +49 004005000\" id=\"forminator-field-phone-1_69e1736e0cc43\" class=\"forminator-input forminator-field--phone\" data-required=\"1\" aria-required=\"true\" autocomplete=\"off\" data-validation=\"1\" \/><\/div><\/div><\/div><div class=\"forminator-row\"><div id=\"date-1\" class=\"forminator-field-date forminator-col forminator-col-6\"><div class=\"forminator-field\"><label for=\"forminator-field-date-1-picker_69e1736e0cc43\" id=\"forminator-field-date-1-picker_69e1736e0cc43-label\" class=\"forminator-label\">Date<\/label><div class=\"forminator-input-with-icon\"><span class=\"forminator-icon-calendar\" aria-hidden=\"true\"><\/span><input autocomplete=\"off\" type=\"text\" size=\"1\" name=\"date-1\" value=\"\" placeholder=\"Bitte ein Datum ausw\u00e4hlen\" id=\"forminator-field-date-1-picker_69e1736e0cc43\" class=\"forminator-input forminator-datepicker\" data-required=\"\" data-format=\"mm\/dd\/yy\" data-restrict-type=\"\" data-restrict=\"\" data-start-year=\"1926\" data-end-year=\"2126\" data-past-dates=\"enable\" data-start-of-week=\"1\" data-start-date=\"\" data-end-date=\"\" data-start-field=\"\" data-end-field=\"\" data-start-offset=\"\" data-end-offset=\"\" data-disable-date=\"\" data-disable-range=\"\" \/><\/div><\/div><\/div><div id=\"select-3\" class=\"forminator-field-select forminator-col forminator-col-6\"><div class=\"forminator-field\"><label for=\"forminator-form-128__field--select-3_69e1736e0cc43\" id=\"forminator-form-128__field--select-3_69e1736e0cc43-label\" class=\"forminator-label\">Auswahl<\/label><select  id=\"forminator-form-128__field--select-3_69e1736e0cc43\" class=\"forminator-select--field forminator-select2 forminator-select2-multiple\" data-required=\"\" name=\"select-3\" data-default-value=\"\" data-placeholder=\"Uhrzeit\" data-search=\"false\" data-search-placeholder=\"Uhrzeit\" data-checkbox=\"false\" data-allow-clear=\"false\" aria-labelledby=\"forminator-form-128__field--select-3_69e1736e0cc43-label\"><option value=\"\"  >Uhrzeit<\/option><option value=\"8:00\"  data-calculation=\"0\">8:00<\/option><option value=\"8:30\"  data-calculation=\"0\">8:30<\/option><option value=\"9:00\"  data-calculation=\"0\">9:00<\/option><option value=\"9:30\"  data-calculation=\"0\">9:30<\/option><option value=\"10:00\"  data-calculation=\"0\">10:00<\/option><option value=\"10:30\"  data-calculation=\"0\">10:30<\/option><option value=\"11:00\"  data-calculation=\"0\">11:00<\/option><option value=\"11:30\"  data-calculation=\"0\">11:30<\/option><option value=\"12:00\"  data-calculation=\"0\">12:00<\/option><option value=\"12:30\"  data-calculation=\"0\">12:30<\/option><option value=\"13:00\"  data-calculation=\"0\">13:00<\/option><option value=\"13:30\"  data-calculation=\"0\">13:30<\/option><option value=\"14:00\"  data-calculation=\"0\">14:00<\/option><option value=\"14:30\"  data-calculation=\"0\">14:30<\/option><option value=\"15:00\"  data-calculation=\"0\">15:00<\/option><option value=\"15:30\"  data-calculation=\"0\">15:30<\/option><option value=\"16:00\"  data-calculation=\"0\">16:00<\/option><option value=\"16:30\"  data-calculation=\"0\">16:30<\/option><option value=\"17:00\"  data-calculation=\"0\">17:00<\/option><option value=\"17:30\"  data-calculation=\"0\">17:30<\/option><option value=\"18:00\"  data-calculation=\"0\">18:00<\/option><\/select><\/div><\/div><\/div><div class=\"forminator-row\"><div id=\"textarea-1\" class=\"forminator-field-textarea forminator-col forminator-col-12\"><div class=\"forminator-field\"><textarea name=\"textarea-1\" placeholder=\"Zus\u00e4tzliche Anmerkungen\" id=\"forminator-field-textarea-1_69e1736e0cc43\" class=\"forminator-textarea\" rows=\"6\" style=\"min-height:140px;\" >Zus\u00e4tzliche Anmerkungen<\/textarea><\/div><\/div><\/div><div class=\"forminator-row\"><div id=\"consent-1\" class=\"forminator-field-consent forminator-col forminator-col-12\"><div class=\"forminator-field\"><label for=\"forminator-field-consent-1_69e1736e0cc43\" id=\"forminator-field-consent-1_69e1736e0cc43-label\" class=\"forminator-label\">Consent to data processing <span class=\"forminator-required\">*<\/span><\/label><div class=\"forminator-checkbox__wrapper\"><label id=\"forminator-field-consent-1_69e1736e0cc43__label\" class=\"forminator-checkbox forminator-consent\" aria-labelledby=\"forminator-field-consent-1_69e1736e0cc43-label\"><input type=\"checkbox\" name=\"consent-1\" id=\"forminator-field-consent-1_69e1736e0cc43\" value=\"checked\" aria-labelledby=\"forminator-field-consent-1_69e1736e0cc43-label\" aria-describedby=\"forminator-field-consent-1_69e1736e0cc43__description\" data-required=\"true\" aria-required=\"true\" \/><span class=\"forminator-checkbox-box\" aria-hidden=\"true\"><\/span><\/label><div id=\"forminator-field-consent-1_69e1736e0cc43__description\" class=\"forminator-checkbox__label forminator-consent__label\"><p>I agree to the processing of the data entered in accordance with the PeterAqua-<a href=\"https:\/\/www.peter-aqua-fr.com\/privacy-policy\/\">Privacy policy<\/a> agreed.<\/p><\/div><\/div><\/div><\/div><\/div><input type=\"hidden\" name=\"referer_url\" value=\"\" \/><div class=\"forminator-row forminator-row-last\"><div class=\"forminator-col\"><div class=\"forminator-field\"><button class=\"forminator-button forminator-button-submit\">Send inquiry now<\/button><\/div><\/div><\/div><input type=\"hidden\" id=\"forminator_nonce\" name=\"forminator_nonce\" value=\"fa2b21ee34\" \/><input type=\"hidden\" name=\"_wp_http_referer\" value=\"\/en\/wp-json\/wp\/v2\/pages\/54\" \/><input type=\"hidden\" name=\"form_id\" value=\"128\"><input type=\"hidden\" name=\"page_id\" value=\"54\"><input type=\"hidden\" name=\"form_type\" value=\"default\"><input type=\"hidden\" name=\"current_url\" value=\"https:\/\/www.peter-aqua-fr.com\/en\/anfrage-mehrfamilienhaeuser\/\"><input type=\"hidden\" name=\"render_id\" value=\"0\"><input type=\"hidden\" name=\"action\" value=\"forminator_submit_form_custom-forms\"><label for=\"input_21\" class=\"forminator-hidden\" aria-hidden=\"true\">Please do not fill in this field. <input id=\"input_21\" type=\"text\" name=\"input_21\" value=\"\" autocomplete=\"off\"><\/label><input type=\"hidden\" name=\"trp-form-language\" value=\"en\"\/><\/form>\n\t\t<\/div>\n\t<\/div>\n<\/div><\/div><\/div><\/div><\/div><\/div><\/div><\/div><\/div><\/div><\/div><\/div><\/div><script id=\"script-row-unique-0\" data-row=\"script-row-unique-0\" type=\"text\/javascript\" class=\"vc_controls\">UNCODE.initRow(document.getElementById(\"row-unique-0\"));<\/script><\/div><\/div><\/div>\n<\/section>","protected":false},"excerpt":{"rendered":"Anfrage f\u00fcr Kalkmanagement in Mehrfamilienh\u00e4usern Anzahl Mehrfamilienh\u00e4userAnzahl WohnungenFachplanung gew\u00fcnscht?JaNeinAuswahl *Material der WasserleitungKunststoffStahlKupferBleiSonstigeH\u00e4rtegrad des WassersFirma *Anredez. B. FrauHerrFrauDiversTitelz. B. FrauDr.Prof.Vorname *Nachname [...]","protected":false},"author":5,"featured_media":0,"parent":0,"menu_order":0,"comment_status":"closed","ping_status":"closed","template":"","meta":{"footnotes":""},"class_list":["post-54","page","type-page","status-publish","hentry"],"_links":{"self":[{"href":"https:\/\/www.peter-aqua-fr.com\/en\/wp-json\/wp\/v2\/pages\/54","targetHints":{"allow":["GET"]}}],"collection":[{"href":"https:\/\/www.peter-aqua-fr.com\/en\/wp-json\/wp\/v2\/pages"}],"about":[{"href":"https:\/\/www.peter-aqua-fr.com\/en\/wp-json\/wp\/v2\/types\/page"}],"author":[{"embeddable":true,"href":"https:\/\/www.peter-aqua-fr.com\/en\/wp-json\/wp\/v2\/users\/5"}],"replies":[{"embeddable":true,"href":"https:\/\/www.peter-aqua-fr.com\/en\/wp-json\/wp\/v2\/comments?post=54"}],"version-history":[{"count":8,"href":"https:\/\/www.peter-aqua-fr.com\/en\/wp-json\/wp\/v2\/pages\/54\/revisions"}],"predecessor-version":[{"id":701,"href":"https:\/\/www.peter-aqua-fr.com\/en\/wp-json\/wp\/v2\/pages\/54\/revisions\/701"}],"wp:attachment":[{"href":"https:\/\/www.peter-aqua-fr.com\/en\/wp-json\/wp\/v2\/media?parent=54"}],"curies":[{"name":"wp","href":"https:\/\/api.w.org\/{rel}","templated":true}]}}