{"id":443,"date":"2022-10-20T15:50:40","date_gmt":"2022-10-20T15:50:40","guid":{"rendered":"https:\/\/www.peter-aqua-fr.com\/?page_id=443"},"modified":"2023-11-20T22:05:22","modified_gmt":"2023-11-20T21:05:22","slug":"know-how-wasserhaerte","status":"publish","type":"page","link":"https:\/\/www.peter-aqua-fr.com\/en\/know-how-wasserhaerte\/","title":{"rendered":"Know-How &#8211; Wasserh\u00e4rte"},"content":{"rendered":"<section class=\"wpb-content-wrapper\"><div data-parent=\"true\" class=\"vc_row row-container\" id=\"row-unique-0\"><div class=\"row-background background-element\">\n\t\t\t\t\t\t\t\t\t\t\t<div class=\"background-wrapper\">\n\t\t\t\t\t\t\t\t\t\t\t\t<div class=\"background-inner\" style=\"background-image: url(https:\/\/www.peter-aqua-fr.com\/wp-content\/uploads\/2022\/08\/PeterAqua-Wasser.png);background-repeat: no-repeat;background-position: center center;background-attachment: inherit;background-size: 100%;\"><\/div>\n\t\t\t\t\t\t\t\t\t\t\t\t\n\t\t\t\t\t\t\t\t\t\t\t<\/div>\n\t\t\t\t\t\t\t\t\t\t<\/div><div class=\"row full-width row-parent\" data-height-ratio=\"80\"><div class=\"wpb_row row-inner\"><div class=\"wpb_column pos-middle pos-center align_left column_parent col-lg-12 single-internal-gutter\"><div class=\"uncol style-light\"  ><div class=\"uncoltable\"><div class=\"uncell  vc_custom_1662035113273 no-block-padding\" style=\"padding-bottom: 0% ;\" ><div class=\"uncont\"><div class=\"vc_custom_heading_wrap\"><div class=\"heading-text el-text\" ><h1 class=\"fontsize-103668 font-weight-500\" ><span>Water hardness<\/span><\/h1><\/div><div class=\"clear\"><\/div><\/div><div class=\"vc_row vc_custom_1662034956207 row-internal row-container\" style=\"padding-left: 5% ;\"><div class=\"row row-child\"><div class=\"wpb_row row-inner\"><div class=\"wpb_column pos-top pos-center align_left column_child col-lg-12 single-internal-gutter\"><div class=\"uncol style-light\" ><div class=\"uncoltable\"><div class=\"uncell no-block-padding\" ><div class=\"uncont\"><div class=\"vc_custom_heading_wrap\"><div class=\"heading-text el-text\" ><h2 class=\"h2\" ><span>What is water hardness?<\/span><\/h2><\/div><div class=\"clear\"><\/div><\/div><div class=\"empty-space empty-double\" ><span class=\"empty-space-inner\"><\/span><\/div>\n<\/div><\/div><\/div><\/div><\/div><\/div><\/div><\/div><\/div><\/div><\/div><\/div><\/div><script id=\"script-row-unique-0\" data-row=\"script-row-unique-0\" type=\"text\/javascript\" class=\"vc_controls\">UNCODE.initRow(document.getElementById(\"row-unique-0\"));<\/script><\/div><\/div><\/div><div data-parent=\"true\" class=\"vc_row vc_custom_1666280820050 row-container\" style=\"padding-top: 0px ;padding-bottom: 4% ;\" id=\"row-unique-1\"><div class=\"row single-top-padding single-bottom-padding single-h-padding limit-width row-parent\"><div class=\"wpb_row row-inner\"><div class=\"wpb_column pos-top pos-center align_left column_parent col-lg-6 single-internal-gutter\"><div class=\"uncol style-light\"  ><div class=\"uncoltable\"><div class=\"uncell no-block-padding\" ><div class=\"uncont\"><div class=\"uncode-single-media  text-left\"><div class=\"single-wrapper\" style=\"max-width: 90%;\"><div class=\"tmb tmb-light  tmb-media-first tmb-media-last tmb-content-overlay tmb-no-bg\"><div class=\"t-inside\"><div class=\"t-entry-visual\"><div class=\"t-entry-visual-tc\"><div class=\"uncode-single-media-wrapper\"><img decoding=\"async\" class=\"wp-image-447\" src=\"https:\/\/www.peter-aqua-fr.com\/wp-content\/uploads\/2022\/10\/Wasserkreislauf_Pasted-Graphic-1-1.jpg\" width=\"320\" height=\"224\" alt=\"\" srcset=\"https:\/\/www.peter-aqua-fr.com\/wp-content\/uploads\/2022\/10\/Wasserkreislauf_Pasted-Graphic-1-1.jpg 320w, https:\/\/www.peter-aqua-fr.com\/wp-content\/uploads\/2022\/10\/Wasserkreislauf_Pasted-Graphic-1-1-300x210.jpg 300w, https:\/\/www.peter-aqua-fr.com\/wp-content\/uploads\/2022\/10\/Wasserkreislauf_Pasted-Graphic-1-1-18x12.jpg 18w\" sizes=\"(max-width: 320px) 100vw, 320px\" \/><\/div>\n\t\t\t\t\t<\/div>\n\t\t\t\t<\/div><\/div><\/div><\/div><\/div><div class=\"vc_custom_heading_wrap\"><div class=\"heading-text el-text\" ><\/div><div class=\"clear\"><\/div><\/div><\/div><\/div><\/div><\/div><\/div><div class=\"wpb_column pos-top pos-center align_left column_parent col-lg-6 single-internal-gutter\"><div class=\"uncol style-light\"  ><div class=\"uncoltable\"><div class=\"uncell no-block-padding\" ><div class=\"uncont\"><div class=\"uncode_text_column\" ><p>To understand this, we have to take a look at the water cycle. About 70% of the earth's surface is covered by water. This water evaporates in sunlight and water vapour is formed. This is lighter than air, therefore rises upwards and collects in the atmosphere.<span class=\"Apple-converted-space\">\u00a0<\/span><\/p>\n<p>If the water drops are large enough, they fall back to the earth in the form of rain, snow or hail.<span class=\"Apple-converted-space\">\u00a0<\/span><\/p>\n<p>The water carbonated (from air and soil) seeps into the soil and hits calcareous rock under the surface.<span class=\"Apple-converted-space\">\u00a0<\/span><\/p>\n<p>The carbonic acid and lime react to form calcium hydrogen carbonate (Ca(HCO\u00b3)\u00b2, colloquially lime).<\/p>\n<\/div><\/div><\/div><\/div><\/div><\/div><script id=\"script-row-unique-1\" data-row=\"script-row-unique-1\" type=\"text\/javascript\" class=\"vc_controls\">UNCODE.initRow(document.getElementById(\"row-unique-1\"));<\/script><\/div><\/div><\/div>\n<\/section>","protected":false},"excerpt":{"rendered":"Wasserh\u00e4rteWas ist Wasserh\u00e4rte? Um das zu verstehen, m\u00fcssen wir einen Blick auf den Wasserkreislauf werfen. Etwa 70 % der Erdoberfl\u00e4che [...]","protected":false},"author":5,"featured_media":0,"parent":0,"menu_order":0,"comment_status":"closed","ping_status":"closed","template":"","meta":{"footnotes":""},"class_list":["post-443","page","type-page","status-publish","hentry"],"_links":{"self":[{"href":"https:\/\/www.peter-aqua-fr.com\/en\/wp-json\/wp\/v2\/pages\/443","targetHints":{"allow":["GET"]}}],"collection":[{"href":"https:\/\/www.peter-aqua-fr.com\/en\/wp-json\/wp\/v2\/pages"}],"about":[{"href":"https:\/\/www.peter-aqua-fr.com\/en\/wp-json\/wp\/v2\/types\/page"}],"author":[{"embeddable":true,"href":"https:\/\/www.peter-aqua-fr.com\/en\/wp-json\/wp\/v2\/users\/5"}],"replies":[{"embeddable":true,"href":"https:\/\/www.peter-aqua-fr.com\/en\/wp-json\/wp\/v2\/comments?post=443"}],"version-history":[{"count":10,"href":"https:\/\/www.peter-aqua-fr.com\/en\/wp-json\/wp\/v2\/pages\/443\/revisions"}],"predecessor-version":[{"id":840,"href":"https:\/\/www.peter-aqua-fr.com\/en\/wp-json\/wp\/v2\/pages\/443\/revisions\/840"}],"wp:attachment":[{"href":"https:\/\/www.peter-aqua-fr.com\/en\/wp-json\/wp\/v2\/media?parent=443"}],"curies":[{"name":"wp","href":"https:\/\/api.w.org\/{rel}","templated":true}]}}